{"id":878,"date":"2017-05-02T13:24:46","date_gmt":"2017-05-02T11:24:46","guid":{"rendered":"https:\/\/www.christlrumerhof.com\/home\/hofbewertungen\/"},"modified":"2020-09-09T08:02:16","modified_gmt":"2020-09-09T06:02:16","slug":"recensioni","status":"publish","type":"page","link":"https:\/\/www.christlrumerhof.com\/it\/home-2\/recensioni\/","title":{"rendered":"Recensioni"},"content":{"rendered":"<h1>Ecco cosa dicono gli ospiti dei nostri appartamenti vacanza in Val Pusteria<\/h1>\n<p>Non prendeteci sulla parola: per sapere cosa vi aspetta al Christlrumerhof, non c\u2019\u00e8 niente di meglio che leggere le opinioni di chi \u00e8 gi\u00e0 stato nostro ospite! Leggete le recensioni per scoprire che esperienza vi attende nel nostro agriturismo in Val Pusteria!<\/p>\n","protected":false},"excerpt":{"rendered":"<p>Ecco cosa dicono gli ospiti dei nostri appartamenti vacanza in Val Pusteria Non prendeteci sulla parola: per sapere cosa vi aspetta al Christlrumerhof, non c\u2019\u00e8 niente<span class=\"excerpt-hellip\"> [\u2026]<\/span><\/p>\n","protected":false},"author":1,"featured_media":0,"parent":848,"menu_order":0,"comment_status":"closed","ping_status":"closed","template":"","meta":{"footnotes":""},"yoast_head":"<!-- This site is optimized with the Yoast SEO plugin v22.4 - https:\/\/yoast.com\/wordpress\/plugins\/seo\/ -->\n<title>Agriturismo Christlrumerhof, Brunico: le recensioni<\/title>\n<meta name=\"description\" content=\"Leggete cosa scrive chi ha soggiornato negli appartamenti vacanza del Christlrumerhof in Val Pusteria: ecco le recensioni!\" \/>\n<meta name=\"robots\" content=\"index, follow, max-snippet:-1, max-image-preview:large, max-video-preview:-1\" \/>\n<link rel=\"canonical\" href=\"https:\/\/www.christlrumerhof.com\/home-2\/hofbewertungen\/\" \/>\n<script type=\"application\/ld+json\" class=\"yoast-schema-graph\">{\"@context\":\"https:\/\/schema.org\",\"@graph\":[{\"@type\":\"WebPage\",\"@id\":\"https:\/\/www.christlrumerhof.com\/home-2\/hofbewertungen\/\",\"url\":\"https:\/\/www.christlrumerhof.com\/home-2\/hofbewertungen\/\",\"name\":\"Agriturismo Christlrumerhof, Brunico: le recensioni\",\"isPartOf\":{\"@id\":\"https:\/\/www.christlrumerhof.com\/#website\"},\"datePublished\":\"2017-05-02T11:24:46+00:00\",\"dateModified\":\"2020-09-09T06:02:16+00:00\",\"description\":\"Leggete cosa scrive chi ha soggiornato negli appartamenti vacanza del Christlrumerhof in Val Pusteria: ecco le recensioni!\",\"breadcrumb\":{\"@id\":\"https:\/\/www.christlrumerhof.com\/home-2\/hofbewertungen\/#breadcrumb\"},\"inLanguage\":\"it-IT\",\"potentialAction\":[{\"@type\":\"ReadAction\",\"target\":[\"https:\/\/www.christlrumerhof.com\/home-2\/hofbewertungen\/\"]}]},{\"@type\":\"BreadcrumbList\",\"@id\":\"https:\/\/www.christlrumerhof.com\/home-2\/hofbewertungen\/#breadcrumb\",\"itemListElement\":[{\"@type\":\"ListItem\",\"position\":1,\"name\":\"Startseite\",\"item\":\"https:\/\/www.christlrumerhof.com\/it\/\"},{\"@type\":\"ListItem\",\"position\":2,\"name\":\"Home\",\"item\":\"https:\/\/www.christlrumerhof.com\/it\/\"},{\"@type\":\"ListItem\",\"position\":3,\"name\":\"Recensioni\"}]},{\"@type\":\"WebSite\",\"@id\":\"https:\/\/www.christlrumerhof.com\/#website\",\"url\":\"https:\/\/www.christlrumerhof.com\/\",\"name\":\"Christlrumerhof\",\"description\":\"Urlaub auf dem Bauernhof\",\"publisher\":{\"@id\":\"https:\/\/www.christlrumerhof.com\/#organization\"},\"potentialAction\":[{\"@type\":\"SearchAction\",\"target\":{\"@type\":\"EntryPoint\",\"urlTemplate\":\"https:\/\/www.christlrumerhof.com\/?s={search_term_string}\"},\"query-input\":\"required name=search_term_string\"}],\"inLanguage\":\"it-IT\"},{\"@type\":\"Organization\",\"@id\":\"https:\/\/www.christlrumerhof.com\/#organization\",\"name\":\"Christlrumerhof - Urlaub auf dem Bauernhof im Pustertal\",\"url\":\"https:\/\/www.christlrumerhof.com\/\",\"logo\":{\"@type\":\"ImageObject\",\"inLanguage\":\"it-IT\",\"@id\":\"https:\/\/www.christlrumerhof.com\/#\/schema\/logo\/image\/\",\"url\":\"https:\/\/www.christlrumerhof.com\/wp-content\/uploads\/logo-christlrumerhof.png\",\"contentUrl\":\"https:\/\/www.christlrumerhof.com\/wp-content\/uploads\/logo-christlrumerhof.png\",\"width\":1678,\"height\":381,\"caption\":\"Christlrumerhof - Urlaub auf dem Bauernhof im Pustertal\"},\"image\":{\"@id\":\"https:\/\/www.christlrumerhof.com\/#\/schema\/logo\/image\/\"}}]}<\/script>\n<!-- \/ Yoast SEO plugin. -->","yoast_head_json":{"title":"Agriturismo Christlrumerhof, Brunico: le recensioni","description":"Leggete cosa scrive chi ha soggiornato negli appartamenti vacanza del Christlrumerhof in Val Pusteria: ecco le recensioni!","robots":{"index":"index","follow":"follow","max-snippet":"max-snippet:-1","max-image-preview":"max-image-preview:large","max-video-preview":"max-video-preview:-1"},"canonical":"https:\/\/www.christlrumerhof.com\/home-2\/hofbewertungen\/","schema":{"@context":"https:\/\/schema.org","@graph":[{"@type":"WebPage","@id":"https:\/\/www.christlrumerhof.com\/home-2\/hofbewertungen\/","url":"https:\/\/www.christlrumerhof.com\/home-2\/hofbewertungen\/","name":"Agriturismo Christlrumerhof, Brunico: le recensioni","isPartOf":{"@id":"https:\/\/www.christlrumerhof.com\/#website"},"datePublished":"2017-05-02T11:24:46+00:00","dateModified":"2020-09-09T06:02:16+00:00","description":"Leggete cosa scrive chi ha soggiornato negli appartamenti vacanza del Christlrumerhof in Val Pusteria: ecco le recensioni!","breadcrumb":{"@id":"https:\/\/www.christlrumerhof.com\/home-2\/hofbewertungen\/#breadcrumb"},"inLanguage":"it-IT","potentialAction":[{"@type":"ReadAction","target":["https:\/\/www.christlrumerhof.com\/home-2\/hofbewertungen\/"]}]},{"@type":"BreadcrumbList","@id":"https:\/\/www.christlrumerhof.com\/home-2\/hofbewertungen\/#breadcrumb","itemListElement":[{"@type":"ListItem","position":1,"name":"Startseite","item":"https:\/\/www.christlrumerhof.com\/it\/"},{"@type":"ListItem","position":2,"name":"Home","item":"https:\/\/www.christlrumerhof.com\/it\/"},{"@type":"ListItem","position":3,"name":"Recensioni"}]},{"@type":"WebSite","@id":"https:\/\/www.christlrumerhof.com\/#website","url":"https:\/\/www.christlrumerhof.com\/","name":"Christlrumerhof","description":"Urlaub auf dem Bauernhof","publisher":{"@id":"https:\/\/www.christlrumerhof.com\/#organization"},"potentialAction":[{"@type":"SearchAction","target":{"@type":"EntryPoint","urlTemplate":"https:\/\/www.christlrumerhof.com\/?s={search_term_string}"},"query-input":"required name=search_term_string"}],"inLanguage":"it-IT"},{"@type":"Organization","@id":"https:\/\/www.christlrumerhof.com\/#organization","name":"Christlrumerhof - Urlaub auf dem Bauernhof im Pustertal","url":"https:\/\/www.christlrumerhof.com\/","logo":{"@type":"ImageObject","inLanguage":"it-IT","@id":"https:\/\/www.christlrumerhof.com\/#\/schema\/logo\/image\/","url":"https:\/\/www.christlrumerhof.com\/wp-content\/uploads\/logo-christlrumerhof.png","contentUrl":"https:\/\/www.christlrumerhof.com\/wp-content\/uploads\/logo-christlrumerhof.png","width":1678,"height":381,"caption":"Christlrumerhof - Urlaub auf dem Bauernhof im Pustertal"},"image":{"@id":"https:\/\/www.christlrumerhof.com\/#\/schema\/logo\/image\/"}}]}},"_links":{"self":[{"href":"https:\/\/www.christlrumerhof.com\/it\/wp-json\/wp\/v2\/pages\/878"}],"collection":[{"href":"https:\/\/www.christlrumerhof.com\/it\/wp-json\/wp\/v2\/pages"}],"about":[{"href":"https:\/\/www.christlrumerhof.com\/it\/wp-json\/wp\/v2\/types\/page"}],"author":[{"embeddable":true,"href":"https:\/\/www.christlrumerhof.com\/it\/wp-json\/wp\/v2\/users\/1"}],"replies":[{"embeddable":true,"href":"https:\/\/www.christlrumerhof.com\/it\/wp-json\/wp\/v2\/comments?post=878"}],"version-history":[{"count":3,"href":"https:\/\/www.christlrumerhof.com\/it\/wp-json\/wp\/v2\/pages\/878\/revisions"}],"predecessor-version":[{"id":1013,"href":"https:\/\/www.christlrumerhof.com\/it\/wp-json\/wp\/v2\/pages\/878\/revisions\/1013"}],"up":[{"embeddable":true,"href":"https:\/\/www.christlrumerhof.com\/it\/wp-json\/wp\/v2\/pages\/848"}],"wp:attachment":[{"href":"https:\/\/www.christlrumerhof.com\/it\/wp-json\/wp\/v2\/media?parent=878"}],"curies":[{"name":"wp","href":"https:\/\/api.w.org\/{rel}","templated":true}]}}