{"id":869,"date":"2017-05-03T13:27:52","date_gmt":"2017-05-03T11:27:52","guid":{"rendered":"https:\/\/www.christlrumerhof.com\/urlaub-im-pustertal\/skifahren\/"},"modified":"2020-08-10T10:50:46","modified_gmt":"2020-08-10T08:50:46","slug":"sci","status":"publish","type":"page","link":"https:\/\/www.christlrumerhof.com\/it\/vacanze-in-val-pusteria\/sci\/","title":{"rendered":"Sci"},"content":{"rendered":"<h1>Splendidi appartamenti vicini alle piste del Plan de Corones<\/h1>\n<p>Non sarebbe bello trascorrere la <strong>settimana bianca<\/strong> in accoglienti <a title=\"appartamenti\" href=\"https:\/\/www.christlrumerhof.com\/it\/appartamentiprezzi\/\">appartamenti<\/a> vicini al Plan de Corones e poter arrivare comodamente alle piste da sci? Allora venite a trovarci e avrete a disposizione ben tre aree sciistiche: Plan de Corones, Speikboden e Klausberg si trovano nelle immediate vicinanze del nostro agriturismo. La fermata dello skibus \u00e8 a soli 5 minuti dagli appartamenti, cos\u00ec potrete raggiungere con facilit\u00e0 i <strong>185 km di piste<\/strong> leggendarie. Vi attendono indimenticabili giornate sulla neve!<\/p>\n<h2>\u00a0Dal vostro appartamento alle piste in men che non si dica:<\/h2>\n<ul>\n<li>Distanza dall\u2019<a title=\"area sciistica Plan de Corones, Val Pusteria\" href=\"http:\/\/www.kronplatz.com\/it\" target=\"_blank\" rel=\"noopener\">area sciistica Plan de Corones<\/a>, Brunico: 4 km<\/li>\n<li>Distanza dall\u2019<a title=\"area sciistica Speikboden, Val Pusteria\" href=\"http:\/\/www.kronplatz.com\/it\/speikboden\" target=\"_blank\" rel=\"noopener\">area sciistica Speikboden<\/a> a Selva dei Molini: 15 km<\/li>\n<li>Distanza dall\u2019<a title=\"area sciistica Klausberg, Val Pusteria\" href=\"http:\/\/www.kronplatz.com\/it\" target=\"_blank\" rel=\"noopener\">area sciistica Klausberg<\/a> a Cadipietra, Valle Aurina: 25 km<\/li>\n<\/ul>\n","protected":false},"excerpt":{"rendered":"<p>Splendidi appartamenti vicini alle piste del Plan de Corones Non sarebbe bello trascorrere la settimana bianca in accoglienti appartamenti vicini al Plan de Corones e poter<span class=\"excerpt-hellip\"> [\u2026]<\/span><\/p>\n","protected":false},"author":1,"featured_media":0,"parent":860,"menu_order":0,"comment_status":"closed","ping_status":"closed","template":"","meta":{"footnotes":""},"yoast_head":"<!-- This site is optimized with the Yoast SEO plugin v22.4 - https:\/\/yoast.com\/wordpress\/plugins\/seo\/ -->\n<title>Appartamenti al Plan de Corones per vacanze sugli sci<\/title>\n<meta name=\"description\" content=\"Voglia di una settimana bianca in Alto Adige? I appartamenti del Christlrumerhof vicino al Plan de Corones sono la base ideale!\" \/>\n<meta name=\"robots\" content=\"index, follow, max-snippet:-1, max-image-preview:large, max-video-preview:-1\" \/>\n<link rel=\"canonical\" href=\"https:\/\/www.christlrumerhof.com\/urlaub-im-pustertal\/skifahren\/\" \/>\n<meta name=\"twitter:label1\" content=\"Tempo di lettura stimato\" \/>\n\t<meta name=\"twitter:data1\" content=\"1 minuto\" \/>\n<script type=\"application\/ld+json\" class=\"yoast-schema-graph\">{\"@context\":\"https:\/\/schema.org\",\"@graph\":[{\"@type\":\"WebPage\",\"@id\":\"https:\/\/www.christlrumerhof.com\/urlaub-im-pustertal\/skifahren\/\",\"url\":\"https:\/\/www.christlrumerhof.com\/urlaub-im-pustertal\/skifahren\/\",\"name\":\"Appartamenti al Plan de Corones per vacanze sugli sci\",\"isPartOf\":{\"@id\":\"https:\/\/www.christlrumerhof.com\/#website\"},\"datePublished\":\"2017-05-03T11:27:52+00:00\",\"dateModified\":\"2020-08-10T08:50:46+00:00\",\"description\":\"Voglia di una settimana bianca in Alto Adige? I appartamenti del Christlrumerhof vicino al Plan de Corones sono la base ideale!\",\"breadcrumb\":{\"@id\":\"https:\/\/www.christlrumerhof.com\/urlaub-im-pustertal\/skifahren\/#breadcrumb\"},\"inLanguage\":\"it-IT\",\"potentialAction\":[{\"@type\":\"ReadAction\",\"target\":[\"https:\/\/www.christlrumerhof.com\/urlaub-im-pustertal\/skifahren\/\"]}]},{\"@type\":\"BreadcrumbList\",\"@id\":\"https:\/\/www.christlrumerhof.com\/urlaub-im-pustertal\/skifahren\/#breadcrumb\",\"itemListElement\":[{\"@type\":\"ListItem\",\"position\":1,\"name\":\"Startseite\",\"item\":\"https:\/\/www.christlrumerhof.com\/it\/\"},{\"@type\":\"ListItem\",\"position\":2,\"name\":\"Vacanze in Val Pusteria\",\"item\":\"https:\/\/www.christlrumerhof.com\/urlaub-im-pustertal\/\"},{\"@type\":\"ListItem\",\"position\":3,\"name\":\"Sci\"}]},{\"@type\":\"WebSite\",\"@id\":\"https:\/\/www.christlrumerhof.com\/#website\",\"url\":\"https:\/\/www.christlrumerhof.com\/\",\"name\":\"Christlrumerhof\",\"description\":\"Urlaub auf dem Bauernhof\",\"publisher\":{\"@id\":\"https:\/\/www.christlrumerhof.com\/#organization\"},\"potentialAction\":[{\"@type\":\"SearchAction\",\"target\":{\"@type\":\"EntryPoint\",\"urlTemplate\":\"https:\/\/www.christlrumerhof.com\/?s={search_term_string}\"},\"query-input\":\"required name=search_term_string\"}],\"inLanguage\":\"it-IT\"},{\"@type\":\"Organization\",\"@id\":\"https:\/\/www.christlrumerhof.com\/#organization\",\"name\":\"Christlrumerhof - Urlaub auf dem Bauernhof im Pustertal\",\"url\":\"https:\/\/www.christlrumerhof.com\/\",\"logo\":{\"@type\":\"ImageObject\",\"inLanguage\":\"it-IT\",\"@id\":\"https:\/\/www.christlrumerhof.com\/#\/schema\/logo\/image\/\",\"url\":\"https:\/\/www.christlrumerhof.com\/wp-content\/uploads\/logo-christlrumerhof.png\",\"contentUrl\":\"https:\/\/www.christlrumerhof.com\/wp-content\/uploads\/logo-christlrumerhof.png\",\"width\":1678,\"height\":381,\"caption\":\"Christlrumerhof - Urlaub auf dem Bauernhof im Pustertal\"},\"image\":{\"@id\":\"https:\/\/www.christlrumerhof.com\/#\/schema\/logo\/image\/\"}}]}<\/script>\n<!-- \/ Yoast SEO plugin. -->","yoast_head_json":{"title":"Appartamenti al Plan de Corones per vacanze sugli sci","description":"Voglia di una settimana bianca in Alto Adige? I appartamenti del Christlrumerhof vicino al Plan de Corones sono la base ideale!","robots":{"index":"index","follow":"follow","max-snippet":"max-snippet:-1","max-image-preview":"max-image-preview:large","max-video-preview":"max-video-preview:-1"},"canonical":"https:\/\/www.christlrumerhof.com\/urlaub-im-pustertal\/skifahren\/","twitter_misc":{"Tempo di lettura stimato":"1 minuto"},"schema":{"@context":"https:\/\/schema.org","@graph":[{"@type":"WebPage","@id":"https:\/\/www.christlrumerhof.com\/urlaub-im-pustertal\/skifahren\/","url":"https:\/\/www.christlrumerhof.com\/urlaub-im-pustertal\/skifahren\/","name":"Appartamenti al Plan de Corones per vacanze sugli sci","isPartOf":{"@id":"https:\/\/www.christlrumerhof.com\/#website"},"datePublished":"2017-05-03T11:27:52+00:00","dateModified":"2020-08-10T08:50:46+00:00","description":"Voglia di una settimana bianca in Alto Adige? I appartamenti del Christlrumerhof vicino al Plan de Corones sono la base ideale!","breadcrumb":{"@id":"https:\/\/www.christlrumerhof.com\/urlaub-im-pustertal\/skifahren\/#breadcrumb"},"inLanguage":"it-IT","potentialAction":[{"@type":"ReadAction","target":["https:\/\/www.christlrumerhof.com\/urlaub-im-pustertal\/skifahren\/"]}]},{"@type":"BreadcrumbList","@id":"https:\/\/www.christlrumerhof.com\/urlaub-im-pustertal\/skifahren\/#breadcrumb","itemListElement":[{"@type":"ListItem","position":1,"name":"Startseite","item":"https:\/\/www.christlrumerhof.com\/it\/"},{"@type":"ListItem","position":2,"name":"Vacanze in Val Pusteria","item":"https:\/\/www.christlrumerhof.com\/urlaub-im-pustertal\/"},{"@type":"ListItem","position":3,"name":"Sci"}]},{"@type":"WebSite","@id":"https:\/\/www.christlrumerhof.com\/#website","url":"https:\/\/www.christlrumerhof.com\/","name":"Christlrumerhof","description":"Urlaub auf dem Bauernhof","publisher":{"@id":"https:\/\/www.christlrumerhof.com\/#organization"},"potentialAction":[{"@type":"SearchAction","target":{"@type":"EntryPoint","urlTemplate":"https:\/\/www.christlrumerhof.com\/?s={search_term_string}"},"query-input":"required name=search_term_string"}],"inLanguage":"it-IT"},{"@type":"Organization","@id":"https:\/\/www.christlrumerhof.com\/#organization","name":"Christlrumerhof - Urlaub auf dem Bauernhof im Pustertal","url":"https:\/\/www.christlrumerhof.com\/","logo":{"@type":"ImageObject","inLanguage":"it-IT","@id":"https:\/\/www.christlrumerhof.com\/#\/schema\/logo\/image\/","url":"https:\/\/www.christlrumerhof.com\/wp-content\/uploads\/logo-christlrumerhof.png","contentUrl":"https:\/\/www.christlrumerhof.com\/wp-content\/uploads\/logo-christlrumerhof.png","width":1678,"height":381,"caption":"Christlrumerhof - Urlaub auf dem Bauernhof im Pustertal"},"image":{"@id":"https:\/\/www.christlrumerhof.com\/#\/schema\/logo\/image\/"}}]}},"_links":{"self":[{"href":"https:\/\/www.christlrumerhof.com\/it\/wp-json\/wp\/v2\/pages\/869"}],"collection":[{"href":"https:\/\/www.christlrumerhof.com\/it\/wp-json\/wp\/v2\/pages"}],"about":[{"href":"https:\/\/www.christlrumerhof.com\/it\/wp-json\/wp\/v2\/types\/page"}],"author":[{"embeddable":true,"href":"https:\/\/www.christlrumerhof.com\/it\/wp-json\/wp\/v2\/users\/1"}],"replies":[{"embeddable":true,"href":"https:\/\/www.christlrumerhof.com\/it\/wp-json\/wp\/v2\/comments?post=869"}],"version-history":[{"count":6,"href":"https:\/\/www.christlrumerhof.com\/it\/wp-json\/wp\/v2\/pages\/869\/revisions"}],"predecessor-version":[{"id":1433,"href":"https:\/\/www.christlrumerhof.com\/it\/wp-json\/wp\/v2\/pages\/869\/revisions\/1433"}],"up":[{"embeddable":true,"href":"https:\/\/www.christlrumerhof.com\/it\/wp-json\/wp\/v2\/pages\/860"}],"wp:attachment":[{"href":"https:\/\/www.christlrumerhof.com\/it\/wp-json\/wp\/v2\/media?parent=869"}],"curies":[{"name":"wp","href":"https:\/\/api.w.org\/{rel}","templated":true}]}}