{"id":862,"date":"2017-05-03T14:03:02","date_gmt":"2017-05-03T12:03:02","guid":{"rendered":"https:\/\/www.christlrumerhof.com\/urlaub-im-pustertal\/bruneck-entdecken\/"},"modified":"2020-08-10T09:55:59","modified_gmt":"2020-08-10T07:55:59","slug":"alla-scoperta-di-brunico","status":"publish","type":"page","link":"https:\/\/www.christlrumerhof.com\/it\/vacanze-in-val-pusteria\/alla-scoperta-di-brunico\/","title":{"rendered":"Alla scoperta di Brunico"},"content":{"rendered":"<h1>Appartamenti vacanza Christlrumerhof: scoprite Brunico!<\/h1>\n<p>Brunico, la <strong>citt\u00e0 principale della Val Pusteria<\/strong>, merita assolutamente una visita! Votata nel 2009 come cittadina pi\u00f9 vivibile d\u2019Italia (e con buona ragione), Brunico ha molto da offrire e i nostri appartamenti vacanza sono un ottimo punto di partenza per esplorare tutti i tesori di questa citt\u00e0. La via centrale, chiamata anche<strong> \u201cBrunecker Stadtgasse\u201d <\/strong>\u00e8 una delle<strong> vie per lo shopping <\/strong>pi\u00f9 belle di tutto l\u2019Alto Adige: dalle variopinte facciate con frontoni decorati fanno capolino <strong>negozi tradizionali e originali<\/strong>, <strong>simpatici caff\u00e8<\/strong> e una <strong>variet\u00e0 di ristoranti<\/strong>. Un giro per il centro \u00e8 una bella esperienza gi\u00e0 di per s\u00e9! Agli amanti della cultura consigliamo una visita al <strong>Museo Civico di Brunico<\/strong>: quelle che furono le stalle del servizio postale cittadino, ora ristrutturate, ospitano un ricco patrimonio museale di arte moderna che comprende, oltre all\u2019esposizione permanente, anche diverse mostre temporanee. Come in tutta la Val Pusteria, anche a Brunico si ama molto fare festa e stare in compagnia; non sono quindi <strong>rare sagre<\/strong>, <strong>feste<\/strong>, <strong>notti bianche in estate<\/strong>, <strong>concerti<\/strong> e <strong>spettacoli teatrali<\/strong>. Insomma, di attrazioni ce ne sono davvero per tutti i gusti e il bello \u00e8 che sono tutte facilmente raggiungibili dai nostri appartamenti vacanza a San Giorgio!<\/p>\n<h2>Uno sguardo al mondo contadino<\/h2>\n<p>Il <a title=\"Museo Provinciale degli Usi e Costumi di Teodone\" href=\"http:\/\/www.museo-etnografico.it\/it\/default.asp\" target=\"_blank\" rel=\"noopener\">Museo Provinciale degli Usi e Costumi di Teodone<\/a>, a pochi chilometri da Brunico, propone un interessante spaccato sulla cultura rurale dell\u2019Alto Adige. Al centro del museo si trova una residenza barocca, le cui sale padronali ospitano le collezioni etnografiche. Nel fabbricato rustico si pu\u00f2 invece ammirare una notevole collezione di attrezzi contadini. Infine, gli spazi aperti del museo offrono un viaggio indietro nel tempo, tra masi contadini originali, orti e officine artigianali.<\/p>\n<div id=\"attachment_470\" style=\"width: 1210px\" class=\"wp-caption alignnone\"><img loading=\"lazy\" decoding=\"async\" aria-describedby=\"caption-attachment-470\" class=\"wp-image-470 size-full\" title=\"Volkskundemuseum in Bruneck im Pustertal\" src=\"https:\/\/www.christlrumerhof.com\/wp-content\/uploads\/christlrumerhof-urlaub-im-pustertal-bruneck-volkskundemuseum.jpg\" alt=\"Museo Provinciale degli Usi e Costumi di Teodone\" width=\"1200\" height=\"800\" srcset=\"https:\/\/www.christlrumerhof.com\/wp-content\/uploads\/christlrumerhof-urlaub-im-pustertal-bruneck-volkskundemuseum.jpg 1200w, https:\/\/www.christlrumerhof.com\/wp-content\/uploads\/christlrumerhof-urlaub-im-pustertal-bruneck-volkskundemuseum-300x200.jpg 300w, https:\/\/www.christlrumerhof.com\/wp-content\/uploads\/christlrumerhof-urlaub-im-pustertal-bruneck-volkskundemuseum-768x512.jpg 768w, https:\/\/www.christlrumerhof.com\/wp-content\/uploads\/christlrumerhof-urlaub-im-pustertal-bruneck-volkskundemuseum-1024x683.jpg 1024w, https:\/\/www.christlrumerhof.com\/wp-content\/uploads\/christlrumerhof-urlaub-im-pustertal-bruneck-volkskundemuseum-219x146.jpg 219w, https:\/\/www.christlrumerhof.com\/wp-content\/uploads\/christlrumerhof-urlaub-im-pustertal-bruneck-volkskundemuseum-50x33.jpg 50w, https:\/\/www.christlrumerhof.com\/wp-content\/uploads\/christlrumerhof-urlaub-im-pustertal-bruneck-volkskundemuseum-113x75.jpg 113w\" sizes=\"(max-width: 1200px) 100vw, 1200px\" \/><p id=\"caption-attachment-470\" class=\"wp-caption-text\">Museo Provinciale degli Usi e Costumi di Teodone<\/p><\/div>\n<h2>I Messner Mountain Museum a Brunico<\/h2>\n<p>Il suggestivo castello di Brunico che domina la citt\u00e0 dalla collina a sud ospita il Messner Mountain Museum RIPA, che offre un\u2019emozionante panoramica sui popoli di montagna del pianeta. Sul Plan de Corones, invece, si trova il secondo Messner Mountain Museum pusterese, il <a title=\"MMM Corones\" href=\"http:\/\/www.messner-mountain-museum.it\/it\/\">MMM Corones<\/a>. La sua spettacolare struttura architettonica, realizzata dalla celebre architetta Zaha Hadid, regala una vista a 360 gradi che spazia dalle Dolomiti di Lienz a est fino all\u2019Ortles a ovest, e dalla Marmolada sul versante meridionale alle Alpi della Zillertal su quello settentrionale.<\/p>\n","protected":false},"excerpt":{"rendered":"<p>Appartamenti vacanza Christlrumerhof: scoprite Brunico! Brunico, la citt\u00e0 principale della Val Pusteria, merita assolutamente una visita! Votata nel 2009 come cittadina pi\u00f9 vivibile d\u2019Italia (e con<span class=\"excerpt-hellip\"> [\u2026]<\/span><\/p>\n","protected":false},"author":1,"featured_media":0,"parent":860,"menu_order":0,"comment_status":"closed","ping_status":"closed","template":"","meta":{"footnotes":""},"yoast_head":"<!-- This site is optimized with the Yoast SEO plugin v22.4 - https:\/\/yoast.com\/wordpress\/plugins\/seo\/ -->\n<title>Appartamenti a Brunico: Vacanze in famiglia al maso<\/title>\n<meta name=\"description\" content=\"Cercate appartamenti a Brunico per una vacanza in famiglia in mezzo alla natura? Benvenuti al maso Christlrumerhof, in Val Pusteria!\" \/>\n<meta name=\"robots\" content=\"index, follow, max-snippet:-1, max-image-preview:large, max-video-preview:-1\" \/>\n<link rel=\"canonical\" href=\"https:\/\/www.christlrumerhof.com\/urlaub-im-pustertal\/bruneck-entdecken\/\" \/>\n<meta name=\"twitter:label1\" content=\"Tempo di lettura stimato\" \/>\n\t<meta name=\"twitter:data1\" content=\"2 minuti\" \/>\n<script type=\"application\/ld+json\" class=\"yoast-schema-graph\">{\"@context\":\"https:\/\/schema.org\",\"@graph\":[{\"@type\":\"WebPage\",\"@id\":\"https:\/\/www.christlrumerhof.com\/urlaub-im-pustertal\/bruneck-entdecken\/\",\"url\":\"https:\/\/www.christlrumerhof.com\/urlaub-im-pustertal\/bruneck-entdecken\/\",\"name\":\"Appartamenti a Brunico: Vacanze in famiglia al maso\",\"isPartOf\":{\"@id\":\"https:\/\/www.christlrumerhof.com\/#website\"},\"primaryImageOfPage\":{\"@id\":\"https:\/\/www.christlrumerhof.com\/urlaub-im-pustertal\/bruneck-entdecken\/#primaryimage\"},\"image\":{\"@id\":\"https:\/\/www.christlrumerhof.com\/urlaub-im-pustertal\/bruneck-entdecken\/#primaryimage\"},\"thumbnailUrl\":\"https:\/\/www.christlrumerhof.com\/wp-content\/uploads\/christlrumerhof-urlaub-im-pustertal-bruneck-volkskundemuseum.jpg\",\"datePublished\":\"2017-05-03T12:03:02+00:00\",\"dateModified\":\"2020-08-10T07:55:59+00:00\",\"description\":\"Cercate appartamenti a Brunico per una vacanza in famiglia in mezzo alla natura? Benvenuti al maso Christlrumerhof, in Val Pusteria!\",\"breadcrumb\":{\"@id\":\"https:\/\/www.christlrumerhof.com\/urlaub-im-pustertal\/bruneck-entdecken\/#breadcrumb\"},\"inLanguage\":\"it-IT\",\"potentialAction\":[{\"@type\":\"ReadAction\",\"target\":[\"https:\/\/www.christlrumerhof.com\/urlaub-im-pustertal\/bruneck-entdecken\/\"]}]},{\"@type\":\"ImageObject\",\"inLanguage\":\"it-IT\",\"@id\":\"https:\/\/www.christlrumerhof.com\/urlaub-im-pustertal\/bruneck-entdecken\/#primaryimage\",\"url\":\"https:\/\/www.christlrumerhof.com\/wp-content\/uploads\/christlrumerhof-urlaub-im-pustertal-bruneck-volkskundemuseum.jpg\",\"contentUrl\":\"https:\/\/www.christlrumerhof.com\/wp-content\/uploads\/christlrumerhof-urlaub-im-pustertal-bruneck-volkskundemuseum.jpg\"},{\"@type\":\"BreadcrumbList\",\"@id\":\"https:\/\/www.christlrumerhof.com\/urlaub-im-pustertal\/bruneck-entdecken\/#breadcrumb\",\"itemListElement\":[{\"@type\":\"ListItem\",\"position\":1,\"name\":\"Startseite\",\"item\":\"https:\/\/www.christlrumerhof.com\/it\/\"},{\"@type\":\"ListItem\",\"position\":2,\"name\":\"Vacanze in Val Pusteria\",\"item\":\"https:\/\/www.christlrumerhof.com\/urlaub-im-pustertal\/\"},{\"@type\":\"ListItem\",\"position\":3,\"name\":\"Alla scoperta di Brunico\"}]},{\"@type\":\"WebSite\",\"@id\":\"https:\/\/www.christlrumerhof.com\/#website\",\"url\":\"https:\/\/www.christlrumerhof.com\/\",\"name\":\"Christlrumerhof\",\"description\":\"Urlaub auf dem Bauernhof\",\"publisher\":{\"@id\":\"https:\/\/www.christlrumerhof.com\/#organization\"},\"potentialAction\":[{\"@type\":\"SearchAction\",\"target\":{\"@type\":\"EntryPoint\",\"urlTemplate\":\"https:\/\/www.christlrumerhof.com\/?s={search_term_string}\"},\"query-input\":\"required name=search_term_string\"}],\"inLanguage\":\"it-IT\"},{\"@type\":\"Organization\",\"@id\":\"https:\/\/www.christlrumerhof.com\/#organization\",\"name\":\"Christlrumerhof - Urlaub auf dem Bauernhof im Pustertal\",\"url\":\"https:\/\/www.christlrumerhof.com\/\",\"logo\":{\"@type\":\"ImageObject\",\"inLanguage\":\"it-IT\",\"@id\":\"https:\/\/www.christlrumerhof.com\/#\/schema\/logo\/image\/\",\"url\":\"https:\/\/www.christlrumerhof.com\/wp-content\/uploads\/logo-christlrumerhof.png\",\"contentUrl\":\"https:\/\/www.christlrumerhof.com\/wp-content\/uploads\/logo-christlrumerhof.png\",\"width\":1678,\"height\":381,\"caption\":\"Christlrumerhof - Urlaub auf dem Bauernhof im Pustertal\"},\"image\":{\"@id\":\"https:\/\/www.christlrumerhof.com\/#\/schema\/logo\/image\/\"}}]}<\/script>\n<!-- \/ Yoast SEO plugin. -->","yoast_head_json":{"title":"Appartamenti a Brunico: Vacanze in famiglia al maso","description":"Cercate appartamenti a Brunico per una vacanza in famiglia in mezzo alla natura? Benvenuti al maso Christlrumerhof, in Val Pusteria!","robots":{"index":"index","follow":"follow","max-snippet":"max-snippet:-1","max-image-preview":"max-image-preview:large","max-video-preview":"max-video-preview:-1"},"canonical":"https:\/\/www.christlrumerhof.com\/urlaub-im-pustertal\/bruneck-entdecken\/","twitter_misc":{"Tempo di lettura stimato":"2 minuti"},"schema":{"@context":"https:\/\/schema.org","@graph":[{"@type":"WebPage","@id":"https:\/\/www.christlrumerhof.com\/urlaub-im-pustertal\/bruneck-entdecken\/","url":"https:\/\/www.christlrumerhof.com\/urlaub-im-pustertal\/bruneck-entdecken\/","name":"Appartamenti a Brunico: Vacanze in famiglia al maso","isPartOf":{"@id":"https:\/\/www.christlrumerhof.com\/#website"},"primaryImageOfPage":{"@id":"https:\/\/www.christlrumerhof.com\/urlaub-im-pustertal\/bruneck-entdecken\/#primaryimage"},"image":{"@id":"https:\/\/www.christlrumerhof.com\/urlaub-im-pustertal\/bruneck-entdecken\/#primaryimage"},"thumbnailUrl":"https:\/\/www.christlrumerhof.com\/wp-content\/uploads\/christlrumerhof-urlaub-im-pustertal-bruneck-volkskundemuseum.jpg","datePublished":"2017-05-03T12:03:02+00:00","dateModified":"2020-08-10T07:55:59+00:00","description":"Cercate appartamenti a Brunico per una vacanza in famiglia in mezzo alla natura? Benvenuti al maso Christlrumerhof, in Val Pusteria!","breadcrumb":{"@id":"https:\/\/www.christlrumerhof.com\/urlaub-im-pustertal\/bruneck-entdecken\/#breadcrumb"},"inLanguage":"it-IT","potentialAction":[{"@type":"ReadAction","target":["https:\/\/www.christlrumerhof.com\/urlaub-im-pustertal\/bruneck-entdecken\/"]}]},{"@type":"ImageObject","inLanguage":"it-IT","@id":"https:\/\/www.christlrumerhof.com\/urlaub-im-pustertal\/bruneck-entdecken\/#primaryimage","url":"https:\/\/www.christlrumerhof.com\/wp-content\/uploads\/christlrumerhof-urlaub-im-pustertal-bruneck-volkskundemuseum.jpg","contentUrl":"https:\/\/www.christlrumerhof.com\/wp-content\/uploads\/christlrumerhof-urlaub-im-pustertal-bruneck-volkskundemuseum.jpg"},{"@type":"BreadcrumbList","@id":"https:\/\/www.christlrumerhof.com\/urlaub-im-pustertal\/bruneck-entdecken\/#breadcrumb","itemListElement":[{"@type":"ListItem","position":1,"name":"Startseite","item":"https:\/\/www.christlrumerhof.com\/it\/"},{"@type":"ListItem","position":2,"name":"Vacanze in Val Pusteria","item":"https:\/\/www.christlrumerhof.com\/urlaub-im-pustertal\/"},{"@type":"ListItem","position":3,"name":"Alla scoperta di Brunico"}]},{"@type":"WebSite","@id":"https:\/\/www.christlrumerhof.com\/#website","url":"https:\/\/www.christlrumerhof.com\/","name":"Christlrumerhof","description":"Urlaub auf dem Bauernhof","publisher":{"@id":"https:\/\/www.christlrumerhof.com\/#organization"},"potentialAction":[{"@type":"SearchAction","target":{"@type":"EntryPoint","urlTemplate":"https:\/\/www.christlrumerhof.com\/?s={search_term_string}"},"query-input":"required name=search_term_string"}],"inLanguage":"it-IT"},{"@type":"Organization","@id":"https:\/\/www.christlrumerhof.com\/#organization","name":"Christlrumerhof - Urlaub auf dem Bauernhof im Pustertal","url":"https:\/\/www.christlrumerhof.com\/","logo":{"@type":"ImageObject","inLanguage":"it-IT","@id":"https:\/\/www.christlrumerhof.com\/#\/schema\/logo\/image\/","url":"https:\/\/www.christlrumerhof.com\/wp-content\/uploads\/logo-christlrumerhof.png","contentUrl":"https:\/\/www.christlrumerhof.com\/wp-content\/uploads\/logo-christlrumerhof.png","width":1678,"height":381,"caption":"Christlrumerhof - Urlaub auf dem Bauernhof im Pustertal"},"image":{"@id":"https:\/\/www.christlrumerhof.com\/#\/schema\/logo\/image\/"}}]}},"_links":{"self":[{"href":"https:\/\/www.christlrumerhof.com\/it\/wp-json\/wp\/v2\/pages\/862"}],"collection":[{"href":"https:\/\/www.christlrumerhof.com\/it\/wp-json\/wp\/v2\/pages"}],"about":[{"href":"https:\/\/www.christlrumerhof.com\/it\/wp-json\/wp\/v2\/types\/page"}],"author":[{"embeddable":true,"href":"https:\/\/www.christlrumerhof.com\/it\/wp-json\/wp\/v2\/users\/1"}],"replies":[{"embeddable":true,"href":"https:\/\/www.christlrumerhof.com\/it\/wp-json\/wp\/v2\/comments?post=862"}],"version-history":[{"count":9,"href":"https:\/\/www.christlrumerhof.com\/it\/wp-json\/wp\/v2\/pages\/862\/revisions"}],"predecessor-version":[{"id":1441,"href":"https:\/\/www.christlrumerhof.com\/it\/wp-json\/wp\/v2\/pages\/862\/revisions\/1441"}],"up":[{"embeddable":true,"href":"https:\/\/www.christlrumerhof.com\/it\/wp-json\/wp\/v2\/pages\/860"}],"wp:attachment":[{"href":"https:\/\/www.christlrumerhof.com\/it\/wp-json\/wp\/v2\/media?parent=862"}],"curies":[{"name":"wp","href":"https:\/\/api.w.org\/{rel}","templated":true}]}}