{"id":861,"date":"2017-05-03T14:06:40","date_gmt":"2017-05-03T12:06:40","guid":{"rendered":"https:\/\/www.christlrumerhof.com\/urlaub-im-pustertal\/news-events\/"},"modified":"2020-08-10T09:55:15","modified_gmt":"2020-08-10T07:55:15","slug":"eventi","status":"publish","type":"page","link":"https:\/\/www.christlrumerhof.com\/it\/vacanze-in-val-pusteria\/eventi\/","title":{"rendered":"Eventi"},"content":{"rendered":"<h1>Esperienze da vivere in vacanza al maso con tutta la famiglia!<\/h1>\n<p>Dal <strong>mercatino di Natale<\/strong> alla rassegna <strong>\u201cSogni notturni estivi\u201d<\/strong> <strong>nelle tiepide serate d\u2019estate<\/strong>, e dalle <strong>roboanti feste cittadine<\/strong> agli <strong>eventi sportivi prestigiosi<\/strong>, a Brunico e dintorni c\u2019\u00e8 sempre qualcosa da fare e da vedere! Cos\u00ec le vostre vacanze sul maso con i bambini o con gli amici saranno ancora <strong>pi\u00f9 varie e interessanti<\/strong>. Se volete sapere quali eventi ci sono in programma, chiedete a noi: <strong>saremo felici d\u2019informarvi sugli appuntamenti<\/strong> da non perdere!<\/p>\n","protected":false},"excerpt":{"rendered":"<p>Esperienze da vivere in vacanza al maso con tutta la famiglia! Dal mercatino di Natale alla rassegna \u201cSogni notturni estivi\u201d nelle tiepide serate d\u2019estate, e dalle<span class=\"excerpt-hellip\"> [\u2026]<\/span><\/p>\n","protected":false},"author":1,"featured_media":0,"parent":860,"menu_order":0,"comment_status":"closed","ping_status":"closed","template":"","meta":{"footnotes":""},"yoast_head":"<!-- This site is optimized with the Yoast SEO plugin v22.4 - https:\/\/yoast.com\/wordpress\/plugins\/seo\/ -->\n<title>Vacanze al maso con i bambini: eventi a Brunico e dintorni<\/title>\n<meta name=\"description\" content=\"Pronti per le vacanze al maso con i vostri bambini? Ecco alcuni eventi interessanti vicino al Christlrumerhof in Val Pusteria!\" \/>\n<meta name=\"robots\" content=\"index, follow, max-snippet:-1, max-image-preview:large, max-video-preview:-1\" \/>\n<link rel=\"canonical\" href=\"https:\/\/www.christlrumerhof.com\/urlaub-im-pustertal\/news-events\/\" \/>\n<script type=\"application\/ld+json\" class=\"yoast-schema-graph\">{\"@context\":\"https:\/\/schema.org\",\"@graph\":[{\"@type\":\"WebPage\",\"@id\":\"https:\/\/www.christlrumerhof.com\/urlaub-im-pustertal\/news-events\/\",\"url\":\"https:\/\/www.christlrumerhof.com\/urlaub-im-pustertal\/news-events\/\",\"name\":\"Vacanze al maso con i bambini: eventi a Brunico e dintorni\",\"isPartOf\":{\"@id\":\"https:\/\/www.christlrumerhof.com\/#website\"},\"datePublished\":\"2017-05-03T12:06:40+00:00\",\"dateModified\":\"2020-08-10T07:55:15+00:00\",\"description\":\"Pronti per le vacanze al maso con i vostri bambini? Ecco alcuni eventi interessanti vicino al Christlrumerhof in Val Pusteria!\",\"breadcrumb\":{\"@id\":\"https:\/\/www.christlrumerhof.com\/urlaub-im-pustertal\/news-events\/#breadcrumb\"},\"inLanguage\":\"it-IT\",\"potentialAction\":[{\"@type\":\"ReadAction\",\"target\":[\"https:\/\/www.christlrumerhof.com\/urlaub-im-pustertal\/news-events\/\"]}]},{\"@type\":\"BreadcrumbList\",\"@id\":\"https:\/\/www.christlrumerhof.com\/urlaub-im-pustertal\/news-events\/#breadcrumb\",\"itemListElement\":[{\"@type\":\"ListItem\",\"position\":1,\"name\":\"Startseite\",\"item\":\"https:\/\/www.christlrumerhof.com\/it\/\"},{\"@type\":\"ListItem\",\"position\":2,\"name\":\"Vacanze in Val Pusteria\",\"item\":\"https:\/\/www.christlrumerhof.com\/urlaub-im-pustertal\/\"},{\"@type\":\"ListItem\",\"position\":3,\"name\":\"Eventi\"}]},{\"@type\":\"WebSite\",\"@id\":\"https:\/\/www.christlrumerhof.com\/#website\",\"url\":\"https:\/\/www.christlrumerhof.com\/\",\"name\":\"Christlrumerhof\",\"description\":\"Urlaub auf dem Bauernhof\",\"publisher\":{\"@id\":\"https:\/\/www.christlrumerhof.com\/#organization\"},\"potentialAction\":[{\"@type\":\"SearchAction\",\"target\":{\"@type\":\"EntryPoint\",\"urlTemplate\":\"https:\/\/www.christlrumerhof.com\/?s={search_term_string}\"},\"query-input\":\"required name=search_term_string\"}],\"inLanguage\":\"it-IT\"},{\"@type\":\"Organization\",\"@id\":\"https:\/\/www.christlrumerhof.com\/#organization\",\"name\":\"Christlrumerhof - Urlaub auf dem Bauernhof im Pustertal\",\"url\":\"https:\/\/www.christlrumerhof.com\/\",\"logo\":{\"@type\":\"ImageObject\",\"inLanguage\":\"it-IT\",\"@id\":\"https:\/\/www.christlrumerhof.com\/#\/schema\/logo\/image\/\",\"url\":\"https:\/\/www.christlrumerhof.com\/wp-content\/uploads\/logo-christlrumerhof.png\",\"contentUrl\":\"https:\/\/www.christlrumerhof.com\/wp-content\/uploads\/logo-christlrumerhof.png\",\"width\":1678,\"height\":381,\"caption\":\"Christlrumerhof - Urlaub auf dem Bauernhof im Pustertal\"},\"image\":{\"@id\":\"https:\/\/www.christlrumerhof.com\/#\/schema\/logo\/image\/\"}}]}<\/script>\n<!-- \/ Yoast SEO plugin. -->","yoast_head_json":{"title":"Vacanze al maso con i bambini: eventi a Brunico e dintorni","description":"Pronti per le vacanze al maso con i vostri bambini? Ecco alcuni eventi interessanti vicino al Christlrumerhof in Val Pusteria!","robots":{"index":"index","follow":"follow","max-snippet":"max-snippet:-1","max-image-preview":"max-image-preview:large","max-video-preview":"max-video-preview:-1"},"canonical":"https:\/\/www.christlrumerhof.com\/urlaub-im-pustertal\/news-events\/","schema":{"@context":"https:\/\/schema.org","@graph":[{"@type":"WebPage","@id":"https:\/\/www.christlrumerhof.com\/urlaub-im-pustertal\/news-events\/","url":"https:\/\/www.christlrumerhof.com\/urlaub-im-pustertal\/news-events\/","name":"Vacanze al maso con i bambini: eventi a Brunico e dintorni","isPartOf":{"@id":"https:\/\/www.christlrumerhof.com\/#website"},"datePublished":"2017-05-03T12:06:40+00:00","dateModified":"2020-08-10T07:55:15+00:00","description":"Pronti per le vacanze al maso con i vostri bambini? Ecco alcuni eventi interessanti vicino al Christlrumerhof in Val Pusteria!","breadcrumb":{"@id":"https:\/\/www.christlrumerhof.com\/urlaub-im-pustertal\/news-events\/#breadcrumb"},"inLanguage":"it-IT","potentialAction":[{"@type":"ReadAction","target":["https:\/\/www.christlrumerhof.com\/urlaub-im-pustertal\/news-events\/"]}]},{"@type":"BreadcrumbList","@id":"https:\/\/www.christlrumerhof.com\/urlaub-im-pustertal\/news-events\/#breadcrumb","itemListElement":[{"@type":"ListItem","position":1,"name":"Startseite","item":"https:\/\/www.christlrumerhof.com\/it\/"},{"@type":"ListItem","position":2,"name":"Vacanze in Val Pusteria","item":"https:\/\/www.christlrumerhof.com\/urlaub-im-pustertal\/"},{"@type":"ListItem","position":3,"name":"Eventi"}]},{"@type":"WebSite","@id":"https:\/\/www.christlrumerhof.com\/#website","url":"https:\/\/www.christlrumerhof.com\/","name":"Christlrumerhof","description":"Urlaub auf dem Bauernhof","publisher":{"@id":"https:\/\/www.christlrumerhof.com\/#organization"},"potentialAction":[{"@type":"SearchAction","target":{"@type":"EntryPoint","urlTemplate":"https:\/\/www.christlrumerhof.com\/?s={search_term_string}"},"query-input":"required name=search_term_string"}],"inLanguage":"it-IT"},{"@type":"Organization","@id":"https:\/\/www.christlrumerhof.com\/#organization","name":"Christlrumerhof - Urlaub auf dem Bauernhof im Pustertal","url":"https:\/\/www.christlrumerhof.com\/","logo":{"@type":"ImageObject","inLanguage":"it-IT","@id":"https:\/\/www.christlrumerhof.com\/#\/schema\/logo\/image\/","url":"https:\/\/www.christlrumerhof.com\/wp-content\/uploads\/logo-christlrumerhof.png","contentUrl":"https:\/\/www.christlrumerhof.com\/wp-content\/uploads\/logo-christlrumerhof.png","width":1678,"height":381,"caption":"Christlrumerhof - Urlaub auf dem Bauernhof im Pustertal"},"image":{"@id":"https:\/\/www.christlrumerhof.com\/#\/schema\/logo\/image\/"}}]}},"_links":{"self":[{"href":"https:\/\/www.christlrumerhof.com\/it\/wp-json\/wp\/v2\/pages\/861"}],"collection":[{"href":"https:\/\/www.christlrumerhof.com\/it\/wp-json\/wp\/v2\/pages"}],"about":[{"href":"https:\/\/www.christlrumerhof.com\/it\/wp-json\/wp\/v2\/types\/page"}],"author":[{"embeddable":true,"href":"https:\/\/www.christlrumerhof.com\/it\/wp-json\/wp\/v2\/users\/1"}],"replies":[{"embeddable":true,"href":"https:\/\/www.christlrumerhof.com\/it\/wp-json\/wp\/v2\/comments?post=861"}],"version-history":[{"count":3,"href":"https:\/\/www.christlrumerhof.com\/it\/wp-json\/wp\/v2\/pages\/861\/revisions"}],"predecessor-version":[{"id":996,"href":"https:\/\/www.christlrumerhof.com\/it\/wp-json\/wp\/v2\/pages\/861\/revisions\/996"}],"up":[{"embeddable":true,"href":"https:\/\/www.christlrumerhof.com\/it\/wp-json\/wp\/v2\/pages\/860"}],"wp:attachment":[{"href":"https:\/\/www.christlrumerhof.com\/it\/wp-json\/wp\/v2\/media?parent=861"}],"curies":[{"name":"wp","href":"https:\/\/api.w.org\/{rel}","templated":true}]}}