{"id":857,"date":"2017-05-03T14:14:42","date_gmt":"2017-05-03T12:14:42","guid":{"rendered":"https:\/\/www.christlrumerhof.com\/mountainbike-bauernhof\/"},"modified":"2020-09-17T14:00:22","modified_gmt":"2020-09-17T12:00:22","slug":"mountain-bike-alto-adige","status":"publish","type":"page","link":"https:\/\/www.christlrumerhof.com\/it\/mountain-bike-alto-adige\/","title":{"rendered":"Mountain bike Alto Adige"},"content":{"rendered":"<h1>Vacanze in mountain bike: siamo ciclisti appassionati anche noi!<\/h1>\n<p>Il nostro maso \u00e8 un punto di partenza perfetto per le <strong>vostre vacanze in mountain bike in Val Pusteria<\/strong>: potete esplorare gli incontaminati alpeggi della Valle Aurina, l\u2019Alta Pusteria con <strong>le Tre Cime e le Dolomiti patrimonio UNESCO<\/strong> partendo <strong>direttamente<\/strong> da qui! Oppure, se preferite, potete godervi una piacevole pedalata verso uno dei laghi e laghetti naturali balneabili nelle vicinanze e concedervi un bel tuffo rinfrescante.<\/p>\n<p>Che preferiate le discese sui <strong>flow trail<\/strong>,<strong> i tour poco impegnativi <\/strong>o<strong> pedalare di malga in malga<\/strong>, qui nel cuore della Val Pusteria avete a disposizione una variet\u00e0 di tour ciclistici in tutti i livelli di difficolt\u00e0, dai facili percorsi per famiglie a quelli impegnativi per i pi\u00f9 ambiziosi.<\/p>\n<h2>\u00a0Vacanze in mountain bike: tour guidati su richiesta con la guida ciclistica Andreas<\/h2>\n<p>Oltre a lavorare come agricoltore qui al Christlrumerhof, Andreas \u00e8 un ciclista appassionato e una <strong>guida ciclistica qualificata<\/strong>. Conosce i percorsi migliori ed \u00e8 a vostra disposizione per accompagnarvi a fare escursioni in bici: potete scegliere una gita di due ore nei dintorni cos\u00ec come esplorare la Val Pusteria con tour di una giornata intera. Se poi siete in cerca di una sfida sportiva, <strong>il<\/strong> <strong>tour al sorgere del sole<\/strong> con Andreas \u00e8 sicuramente un\u2019esperienza speciale con cui arricchire la vostra vacanza in mountain bike. La ciclabile della Val Pusteria invece offre un percorso piacevole che attraversando l\u2019intera valle conduce fino a Lienz, nel Tirolo orientale. Da l\u00ec, potete fare ritorno comodamente in treno.<\/p>\n","protected":false},"excerpt":{"rendered":"<p>Vacanze in mountain bike: siamo ciclisti appassionati anche noi! Il nostro maso \u00e8 un punto di partenza perfetto per le vostre vacanze in mountain bike in<span class=\"excerpt-hellip\"> [\u2026]<\/span><\/p>\n","protected":false},"author":1,"featured_media":0,"parent":0,"menu_order":0,"comment_status":"closed","ping_status":"closed","template":"","meta":{"footnotes":""},"yoast_head":"<!-- This site is optimized with the Yoast SEO plugin v22.4 - https:\/\/yoast.com\/wordpress\/plugins\/seo\/ -->\n<title>Christlrumerhof: vacanze in mountain bike in Alto Adige<\/title>\n<meta name=\"description\" content=\"Per le vostre vacanze in mountain bike in Alto Adige, vi offriamo un ottimo servizio e tour guidati in compagnia di una guida qualificata. Scoprite di pi\u00f9!\" \/>\n<meta name=\"robots\" content=\"index, follow, max-snippet:-1, max-image-preview:large, max-video-preview:-1\" \/>\n<link rel=\"canonical\" href=\"https:\/\/www.christlrumerhof.com\/it\/mountain-bike-alto-adige\/\" \/>\n<meta name=\"twitter:label1\" content=\"Tempo di lettura stimato\" \/>\n\t<meta name=\"twitter:data1\" content=\"1 minuto\" \/>\n<script type=\"application\/ld+json\" class=\"yoast-schema-graph\">{\"@context\":\"https:\/\/schema.org\",\"@graph\":[{\"@type\":\"WebPage\",\"@id\":\"https:\/\/www.christlrumerhof.com\/it\/mountain-bike-alto-adige\/\",\"url\":\"https:\/\/www.christlrumerhof.com\/it\/mountain-bike-alto-adige\/\",\"name\":\"Christlrumerhof: vacanze in mountain bike in Alto Adige\",\"isPartOf\":{\"@id\":\"https:\/\/www.christlrumerhof.com\/#website\"},\"datePublished\":\"2017-05-03T12:14:42+00:00\",\"dateModified\":\"2020-09-17T12:00:22+00:00\",\"description\":\"Per le vostre vacanze in mountain bike in Alto Adige, vi offriamo un ottimo servizio e tour guidati in compagnia di una guida qualificata. Scoprite di pi\u00f9!\",\"breadcrumb\":{\"@id\":\"https:\/\/www.christlrumerhof.com\/it\/mountain-bike-alto-adige\/#breadcrumb\"},\"inLanguage\":\"it-IT\",\"potentialAction\":[{\"@type\":\"ReadAction\",\"target\":[\"https:\/\/www.christlrumerhof.com\/it\/mountain-bike-alto-adige\/\"]}]},{\"@type\":\"BreadcrumbList\",\"@id\":\"https:\/\/www.christlrumerhof.com\/it\/mountain-bike-alto-adige\/#breadcrumb\",\"itemListElement\":[{\"@type\":\"ListItem\",\"position\":1,\"name\":\"Startseite\",\"item\":\"https:\/\/www.christlrumerhof.com\/it\/\"},{\"@type\":\"ListItem\",\"position\":2,\"name\":\"Mountain bike Alto Adige\"}]},{\"@type\":\"WebSite\",\"@id\":\"https:\/\/www.christlrumerhof.com\/#website\",\"url\":\"https:\/\/www.christlrumerhof.com\/\",\"name\":\"Christlrumerhof\",\"description\":\"Urlaub auf dem Bauernhof\",\"publisher\":{\"@id\":\"https:\/\/www.christlrumerhof.com\/#organization\"},\"potentialAction\":[{\"@type\":\"SearchAction\",\"target\":{\"@type\":\"EntryPoint\",\"urlTemplate\":\"https:\/\/www.christlrumerhof.com\/?s={search_term_string}\"},\"query-input\":\"required name=search_term_string\"}],\"inLanguage\":\"it-IT\"},{\"@type\":\"Organization\",\"@id\":\"https:\/\/www.christlrumerhof.com\/#organization\",\"name\":\"Christlrumerhof - Urlaub auf dem Bauernhof im Pustertal\",\"url\":\"https:\/\/www.christlrumerhof.com\/\",\"logo\":{\"@type\":\"ImageObject\",\"inLanguage\":\"it-IT\",\"@id\":\"https:\/\/www.christlrumerhof.com\/#\/schema\/logo\/image\/\",\"url\":\"https:\/\/www.christlrumerhof.com\/wp-content\/uploads\/logo-christlrumerhof.png\",\"contentUrl\":\"https:\/\/www.christlrumerhof.com\/wp-content\/uploads\/logo-christlrumerhof.png\",\"width\":1678,\"height\":381,\"caption\":\"Christlrumerhof - Urlaub auf dem Bauernhof im Pustertal\"},\"image\":{\"@id\":\"https:\/\/www.christlrumerhof.com\/#\/schema\/logo\/image\/\"}}]}<\/script>\n<!-- \/ Yoast SEO plugin. -->","yoast_head_json":{"title":"Christlrumerhof: vacanze in mountain bike in Alto Adige","description":"Per le vostre vacanze in mountain bike in Alto Adige, vi offriamo un ottimo servizio e tour guidati in compagnia di una guida qualificata. Scoprite di pi\u00f9!","robots":{"index":"index","follow":"follow","max-snippet":"max-snippet:-1","max-image-preview":"max-image-preview:large","max-video-preview":"max-video-preview:-1"},"canonical":"https:\/\/www.christlrumerhof.com\/it\/mountain-bike-alto-adige\/","twitter_misc":{"Tempo di lettura stimato":"1 minuto"},"schema":{"@context":"https:\/\/schema.org","@graph":[{"@type":"WebPage","@id":"https:\/\/www.christlrumerhof.com\/it\/mountain-bike-alto-adige\/","url":"https:\/\/www.christlrumerhof.com\/it\/mountain-bike-alto-adige\/","name":"Christlrumerhof: vacanze in mountain bike in Alto Adige","isPartOf":{"@id":"https:\/\/www.christlrumerhof.com\/#website"},"datePublished":"2017-05-03T12:14:42+00:00","dateModified":"2020-09-17T12:00:22+00:00","description":"Per le vostre vacanze in mountain bike in Alto Adige, vi offriamo un ottimo servizio e tour guidati in compagnia di una guida qualificata. Scoprite di pi\u00f9!","breadcrumb":{"@id":"https:\/\/www.christlrumerhof.com\/it\/mountain-bike-alto-adige\/#breadcrumb"},"inLanguage":"it-IT","potentialAction":[{"@type":"ReadAction","target":["https:\/\/www.christlrumerhof.com\/it\/mountain-bike-alto-adige\/"]}]},{"@type":"BreadcrumbList","@id":"https:\/\/www.christlrumerhof.com\/it\/mountain-bike-alto-adige\/#breadcrumb","itemListElement":[{"@type":"ListItem","position":1,"name":"Startseite","item":"https:\/\/www.christlrumerhof.com\/it\/"},{"@type":"ListItem","position":2,"name":"Mountain bike Alto Adige"}]},{"@type":"WebSite","@id":"https:\/\/www.christlrumerhof.com\/#website","url":"https:\/\/www.christlrumerhof.com\/","name":"Christlrumerhof","description":"Urlaub auf dem Bauernhof","publisher":{"@id":"https:\/\/www.christlrumerhof.com\/#organization"},"potentialAction":[{"@type":"SearchAction","target":{"@type":"EntryPoint","urlTemplate":"https:\/\/www.christlrumerhof.com\/?s={search_term_string}"},"query-input":"required name=search_term_string"}],"inLanguage":"it-IT"},{"@type":"Organization","@id":"https:\/\/www.christlrumerhof.com\/#organization","name":"Christlrumerhof - Urlaub auf dem Bauernhof im Pustertal","url":"https:\/\/www.christlrumerhof.com\/","logo":{"@type":"ImageObject","inLanguage":"it-IT","@id":"https:\/\/www.christlrumerhof.com\/#\/schema\/logo\/image\/","url":"https:\/\/www.christlrumerhof.com\/wp-content\/uploads\/logo-christlrumerhof.png","contentUrl":"https:\/\/www.christlrumerhof.com\/wp-content\/uploads\/logo-christlrumerhof.png","width":1678,"height":381,"caption":"Christlrumerhof - Urlaub auf dem Bauernhof im Pustertal"},"image":{"@id":"https:\/\/www.christlrumerhof.com\/#\/schema\/logo\/image\/"}}]}},"_links":{"self":[{"href":"https:\/\/www.christlrumerhof.com\/it\/wp-json\/wp\/v2\/pages\/857"}],"collection":[{"href":"https:\/\/www.christlrumerhof.com\/it\/wp-json\/wp\/v2\/pages"}],"about":[{"href":"https:\/\/www.christlrumerhof.com\/it\/wp-json\/wp\/v2\/types\/page"}],"author":[{"embeddable":true,"href":"https:\/\/www.christlrumerhof.com\/it\/wp-json\/wp\/v2\/users\/1"}],"replies":[{"embeddable":true,"href":"https:\/\/www.christlrumerhof.com\/it\/wp-json\/wp\/v2\/comments?post=857"}],"version-history":[{"count":7,"href":"https:\/\/www.christlrumerhof.com\/it\/wp-json\/wp\/v2\/pages\/857\/revisions"}],"predecessor-version":[{"id":994,"href":"https:\/\/www.christlrumerhof.com\/it\/wp-json\/wp\/v2\/pages\/857\/revisions\/994"}],"wp:attachment":[{"href":"https:\/\/www.christlrumerhof.com\/it\/wp-json\/wp\/v2\/media?parent=857"}],"curies":[{"name":"wp","href":"https:\/\/api.w.org\/{rel}","templated":true}]}}