{"id":853,"date":"2017-05-05T13:39:44","date_gmt":"2017-05-05T11:39:44","guid":{"rendered":"https:\/\/www.christlrumerhof.com\/impressum\/"},"modified":"2025-02-24T17:40:58","modified_gmt":"2025-02-24T16:40:58","slug":"colophon","status":"publish","type":"page","link":"https:\/\/www.christlrumerhof.com\/it\/colophon\/","title":{"rendered":"Colophon"},"content":{"rendered":"<h1>Colophon<\/h1>\n<p><strong>Christlrumerhof<br \/>\n<\/strong><strong>Responsabile per il contenuto:<br \/>\n<\/strong>Unterfrauner Andreas<br \/>\nVia Gissbach 22<br \/>\nI-39031 S. Giorgio\/Brunico<br \/>\nPlan de Corones &#8211; Dolomiti &#8211; Alto Adige &#8211; Italia<\/p>\n<p>Tel: 0039 349 5923302<br \/>\n<a href=\"mailto:info@christlrumerhof.com\">info@christlrumerhof.com<\/a><\/p>\n<p><strong>Num. reg. Cam. di Commercio:<br \/>\n<\/strong>P. IVA IT01743310219<br \/>\nCod. Fisc.: NTRNRS89D18B220U<br \/>\nCodice CIN: IT021013B54WBUBCY7<\/p>\n<p><strong>Copyright per le immagini e grafiche utilizzate:<br \/>\n<\/strong>\u00a9 <a href=\"http:\/\/www.elke-lessnig.com\" target=\"_blank\" rel=\"noopener\">Elke Lessnig<\/a><br \/>\n\u00a9 Hannes Niederkofler<br \/>\n\u00a9 Kathrin Terzer<br \/>\n\u00a9 katushOK; <a href=\"https:\/\/www.shutterstock.com\/\">www.shutterstock.com<br \/>\n<\/a>\u00a9 Alex Filz \u2013 TVB Kronplatz<br \/>\n\u00a9 Helmut Rier \u2013 TVB Kronplatz<br \/>\n\u00a9 <a href=\"http:\/\/www.wisthaler.com\/\">www.wisthaler.com<\/a><br \/>\n\u00a9 TV Bruneck<br \/>\n\u00a9 <a href=\"https:\/\/vieue.it\/\" rel=\"nofollow\">VIE\u00dc &#8211; Lena Sulzenbacher<\/a><br \/>\n\u00a9 Christlrumerhof<strong><br \/>\n<\/strong><br \/>\n<strong>Risoluzione delle controversie<\/strong><br \/>\nInformazioni obbligatorie ai sensi del Regolamento UE n. 524\/2013 del Parlamento e Consiglio europeo. Piattaforma per la risoluzione online delle controversie (ODR) della Commissione europea: https:\/\/ec.europa.eu\/consumers\/odr\/main\/?event=main.trader.register<br \/>\n<strong><br \/>\n<strong>Concetto e realizzazione<br \/>\n<\/strong><\/strong>MUWit \u2013 d. Sandra Stablum<br \/>\nCitt\u00e1 Alta 60<br \/>\n39043 Chiusa<br \/>\nTel. +39 347 1330206<br \/>\nPart. IVA 02730810211<br \/>\nCod. fisc. STB SDR 88 A44 B160 S<br \/>\n<a href=\"mailto:info@muwit.it\">info@muwit.it<\/a><br \/>\n<a href=\"http:\/\/www.muwit.it\" target=\"_blank\" rel=\"noopener\">www.muwit.it<\/a><\/p>\n<p><strong>Responsabile per il contenuto:<br \/>\n<\/strong>Sieglinde Treye in Unterfrauner<\/p>\n<p><strong>Dichiarazione liberatoria:<br \/>\nResponsabilit\u00e0 per i contenuti<br \/>\n<\/strong>I contenuti delle nostre pagine sono stati redatti, elaborati e controllati scrupolosamente. Tuttavia, non ci assumiamo nessuna responsabilit\u00e0 per la correttezza, qualit\u00e0, completezza e attualit\u00e0 dei contenuti, poich\u00e9 non \u00e8 da escludere che siano cambiati nel tempo. Come prestatori di servizi siamo responsabili per i contenuti di queste pagine in base alla normativa vigente. Nella nostra qualit\u00e0 di prestatori di servizi non siamo per\u00f2 obbligati a controllare l\u2019esattezza di informazioni ricevute o salvate da terzi, o a controllare se sussistano irregolarit\u00e0 che indichino un\u2019attivit\u00e0 illegale. L\u2019obbligo di rimuovere o bloccare l\u2019utilizzo di informazioni secondo la normativa vigente rimane valido. L\u2019assunzione di tale responsabilit\u00e0 \u00e8 tuttavia possibile solamente dopo il momento dell\u2019effettivo riconoscimento da parte nostra di una concreta violazione di diritto. Alla presa d\u2019atto di tali violazioni di legge provvederemo immediatamente alla rimozione dei contenuti in questione.<br \/>\nSi escludono di principio le rivendicazioni di responsabilit\u00e0 di qualsiasi tipo causate dall\u2019utilizzo di informazioni messe a disposizione, oppure da informazioni errate e\/o incomplete.<\/p>\n<p><strong>Responsabilit\u00e0 per i link<br \/>\n<\/strong>La nostra offerta contiene dei collegamenti ipertestuali con siti web esterni di terzi, sui cui contenuti non possiamo influire. Per questo motivo non forniamo nessuna garanzia sui contenuti dei siti web linkati, indipendentemente dal tipo e dalla natura. Ne \u00e8 responsabile solamente il relativo proprietario o gestore del sito. Un controllo permanente dei contenuti dei siti linkati al presente non \u00e8 fattibile senza concreti punti di riferimento. All\u2019avvenuta conoscenza d\u2019infrazioni contro la legge causate dai siti web linkati, i link in questione saranno subito rimossi.<\/p>\n<p><strong>Copyright<br \/>\n<\/strong>Tutti i contenuti e le opere creati dal web designer e dai gestori del sito sono protetti da copyright. La riproduzione, l\u2019alterazione, la distribuzione e qualsiasi forma di utilizzo, soprattutto per scopi commerciali, al di fuori dei limiti del diritto d\u2019autore, sono severamente vietate e ammesse esclusivamente previa autorizzazione scritta del relativo autore o creatore. Nel caso i contenuti di questa pagina non siano stati creati dal gestore, sono da rispettare i diritti di copyright di terzi. I contenuti redatti da terzi sono contrassegnati come tali. In caso doveste notare una violazione del copyright, vi preghiamo gentilmente di farci pervenire un\u2019apposita segnalazione. All\u2019atto di presa di conoscenza di tali violazioni di legge, i contenuti in questione saranno naturalmente rimossi subito, senza per\u00f2 assumerne nessuna responsabilit\u00e0.<\/p>\n","protected":false},"excerpt":{"rendered":"<p>Colophon Christlrumerhof Responsabile per il contenuto: Unterfrauner Andreas Via Gissbach 22 I-39031 S. Giorgio\/Brunico Plan de Corones &#8211; Dolomiti &#8211; Alto Adige &#8211; Italia Tel: 0039<span class=\"excerpt-hellip\"> [\u2026]<\/span><\/p>\n","protected":false},"author":1,"featured_media":0,"parent":0,"menu_order":0,"comment_status":"closed","ping_status":"closed","template":"","meta":{"footnotes":""},"yoast_head":"<!-- This site is optimized with the Yoast SEO plugin v22.4 - https:\/\/yoast.com\/wordpress\/plugins\/seo\/ -->\n<title>Christlrumerhof: Appartamenti vacanza a Brunico<\/title>\n<meta name=\"description\" content=\"Un appartamento vacanza vicino al Plan de Corones? Al Christlrumerhof, in Val Pusteria, vi attende una vacanza indimenticabile per grandi e piccoli!\" \/>\n<meta name=\"robots\" content=\"index, follow, max-snippet:-1, max-image-preview:large, max-video-preview:-1\" \/>\n<link rel=\"canonical\" href=\"https:\/\/www.christlrumerhof.com\/it\/colophon\/\" \/>\n<meta name=\"twitter:label1\" content=\"Tempo di lettura stimato\" \/>\n\t<meta name=\"twitter:data1\" content=\"3 minuti\" \/>\n<script type=\"application\/ld+json\" class=\"yoast-schema-graph\">{\"@context\":\"https:\/\/schema.org\",\"@graph\":[{\"@type\":\"WebPage\",\"@id\":\"https:\/\/www.christlrumerhof.com\/it\/colophon\/\",\"url\":\"https:\/\/www.christlrumerhof.com\/it\/colophon\/\",\"name\":\"Christlrumerhof: Appartamenti vacanza a Brunico\",\"isPartOf\":{\"@id\":\"https:\/\/www.christlrumerhof.com\/#website\"},\"datePublished\":\"2017-05-05T11:39:44+00:00\",\"dateModified\":\"2025-02-24T16:40:58+00:00\",\"description\":\"Un appartamento vacanza vicino al Plan de Corones? Al Christlrumerhof, in Val Pusteria, vi attende una vacanza indimenticabile per grandi e piccoli!\",\"breadcrumb\":{\"@id\":\"https:\/\/www.christlrumerhof.com\/it\/colophon\/#breadcrumb\"},\"inLanguage\":\"it-IT\",\"potentialAction\":[{\"@type\":\"ReadAction\",\"target\":[\"https:\/\/www.christlrumerhof.com\/it\/colophon\/\"]}]},{\"@type\":\"BreadcrumbList\",\"@id\":\"https:\/\/www.christlrumerhof.com\/it\/colophon\/#breadcrumb\",\"itemListElement\":[{\"@type\":\"ListItem\",\"position\":1,\"name\":\"Startseite\",\"item\":\"https:\/\/www.christlrumerhof.com\/it\/\"},{\"@type\":\"ListItem\",\"position\":2,\"name\":\"Colophon\"}]},{\"@type\":\"WebSite\",\"@id\":\"https:\/\/www.christlrumerhof.com\/#website\",\"url\":\"https:\/\/www.christlrumerhof.com\/\",\"name\":\"Christlrumerhof\",\"description\":\"Urlaub auf dem Bauernhof\",\"publisher\":{\"@id\":\"https:\/\/www.christlrumerhof.com\/#organization\"},\"potentialAction\":[{\"@type\":\"SearchAction\",\"target\":{\"@type\":\"EntryPoint\",\"urlTemplate\":\"https:\/\/www.christlrumerhof.com\/?s={search_term_string}\"},\"query-input\":\"required name=search_term_string\"}],\"inLanguage\":\"it-IT\"},{\"@type\":\"Organization\",\"@id\":\"https:\/\/www.christlrumerhof.com\/#organization\",\"name\":\"Christlrumerhof - Urlaub auf dem Bauernhof im Pustertal\",\"url\":\"https:\/\/www.christlrumerhof.com\/\",\"logo\":{\"@type\":\"ImageObject\",\"inLanguage\":\"it-IT\",\"@id\":\"https:\/\/www.christlrumerhof.com\/#\/schema\/logo\/image\/\",\"url\":\"https:\/\/www.christlrumerhof.com\/wp-content\/uploads\/logo-christlrumerhof.png\",\"contentUrl\":\"https:\/\/www.christlrumerhof.com\/wp-content\/uploads\/logo-christlrumerhof.png\",\"width\":1678,\"height\":381,\"caption\":\"Christlrumerhof - Urlaub auf dem Bauernhof im Pustertal\"},\"image\":{\"@id\":\"https:\/\/www.christlrumerhof.com\/#\/schema\/logo\/image\/\"}}]}<\/script>\n<!-- \/ Yoast SEO plugin. -->","yoast_head_json":{"title":"Christlrumerhof: Appartamenti vacanza a Brunico","description":"Un appartamento vacanza vicino al Plan de Corones? Al Christlrumerhof, in Val Pusteria, vi attende una vacanza indimenticabile per grandi e piccoli!","robots":{"index":"index","follow":"follow","max-snippet":"max-snippet:-1","max-image-preview":"max-image-preview:large","max-video-preview":"max-video-preview:-1"},"canonical":"https:\/\/www.christlrumerhof.com\/it\/colophon\/","twitter_misc":{"Tempo di lettura stimato":"3 minuti"},"schema":{"@context":"https:\/\/schema.org","@graph":[{"@type":"WebPage","@id":"https:\/\/www.christlrumerhof.com\/it\/colophon\/","url":"https:\/\/www.christlrumerhof.com\/it\/colophon\/","name":"Christlrumerhof: Appartamenti vacanza a Brunico","isPartOf":{"@id":"https:\/\/www.christlrumerhof.com\/#website"},"datePublished":"2017-05-05T11:39:44+00:00","dateModified":"2025-02-24T16:40:58+00:00","description":"Un appartamento vacanza vicino al Plan de Corones? Al Christlrumerhof, in Val Pusteria, vi attende una vacanza indimenticabile per grandi e piccoli!","breadcrumb":{"@id":"https:\/\/www.christlrumerhof.com\/it\/colophon\/#breadcrumb"},"inLanguage":"it-IT","potentialAction":[{"@type":"ReadAction","target":["https:\/\/www.christlrumerhof.com\/it\/colophon\/"]}]},{"@type":"BreadcrumbList","@id":"https:\/\/www.christlrumerhof.com\/it\/colophon\/#breadcrumb","itemListElement":[{"@type":"ListItem","position":1,"name":"Startseite","item":"https:\/\/www.christlrumerhof.com\/it\/"},{"@type":"ListItem","position":2,"name":"Colophon"}]},{"@type":"WebSite","@id":"https:\/\/www.christlrumerhof.com\/#website","url":"https:\/\/www.christlrumerhof.com\/","name":"Christlrumerhof","description":"Urlaub auf dem Bauernhof","publisher":{"@id":"https:\/\/www.christlrumerhof.com\/#organization"},"potentialAction":[{"@type":"SearchAction","target":{"@type":"EntryPoint","urlTemplate":"https:\/\/www.christlrumerhof.com\/?s={search_term_string}"},"query-input":"required name=search_term_string"}],"inLanguage":"it-IT"},{"@type":"Organization","@id":"https:\/\/www.christlrumerhof.com\/#organization","name":"Christlrumerhof - Urlaub auf dem Bauernhof im Pustertal","url":"https:\/\/www.christlrumerhof.com\/","logo":{"@type":"ImageObject","inLanguage":"it-IT","@id":"https:\/\/www.christlrumerhof.com\/#\/schema\/logo\/image\/","url":"https:\/\/www.christlrumerhof.com\/wp-content\/uploads\/logo-christlrumerhof.png","contentUrl":"https:\/\/www.christlrumerhof.com\/wp-content\/uploads\/logo-christlrumerhof.png","width":1678,"height":381,"caption":"Christlrumerhof - Urlaub auf dem Bauernhof im Pustertal"},"image":{"@id":"https:\/\/www.christlrumerhof.com\/#\/schema\/logo\/image\/"}}]}},"_links":{"self":[{"href":"https:\/\/www.christlrumerhof.com\/it\/wp-json\/wp\/v2\/pages\/853"}],"collection":[{"href":"https:\/\/www.christlrumerhof.com\/it\/wp-json\/wp\/v2\/pages"}],"about":[{"href":"https:\/\/www.christlrumerhof.com\/it\/wp-json\/wp\/v2\/types\/page"}],"author":[{"embeddable":true,"href":"https:\/\/www.christlrumerhof.com\/it\/wp-json\/wp\/v2\/users\/1"}],"replies":[{"embeddable":true,"href":"https:\/\/www.christlrumerhof.com\/it\/wp-json\/wp\/v2\/comments?post=853"}],"version-history":[{"count":12,"href":"https:\/\/www.christlrumerhof.com\/it\/wp-json\/wp\/v2\/pages\/853\/revisions"}],"predecessor-version":[{"id":2982,"href":"https:\/\/www.christlrumerhof.com\/it\/wp-json\/wp\/v2\/pages\/853\/revisions\/2982"}],"wp:attachment":[{"href":"https:\/\/www.christlrumerhof.com\/it\/wp-json\/wp\/v2\/media?parent=853"}],"curies":[{"name":"wp","href":"https:\/\/api.w.org\/{rel}","templated":true}]}}